{"id":247,"date":"2026-04-01T01:22:05","date_gmt":"2026-04-01T01:22:05","guid":{"rendered":"https:\/\/dronenetwork.ca\/add-listing\/"},"modified":"2026-05-09T01:21:49","modified_gmt":"2026-05-09T01:21:49","slug":"add-listing","status":"publish","type":"page","link":"https:\/\/dronenetwork.ca\/en\/add-listing\/","title":{"rendered":"Add listing"},"content":{"rendered":"<div data-elementor-type=\"wp-page\" data-elementor-id=\"247\" class=\"elementor elementor-247\">\n\t\t\t\t\t\t<section class=\"elementor-section elementor-top-section elementor-element elementor-element-ofbb32l elementor-section-height-min-height elementor-section-full_width elementor-section-height-default elementor-section-items-middle\" data-id=\"ofbb32l\" data-element_type=\"section\" data-e-type=\"section\" data-settings=\"{&quot;background_background&quot;:&quot;classic&quot;}\">\n\t\t\t\t\t\t<div class=\"elementor-container elementor-column-gap-default\">\n\t\t\t\t\t<div class=\"elementor-column elementor-col-100 elementor-top-column elementor-element elementor-element-w5neot1\" data-id=\"w5neot1\" data-element_type=\"column\" data-e-type=\"column\">\n\t\t\t<div class=\"elementor-widget-wrap elementor-element-populated\">\n\t\t\t\t\t\t<div class=\"elementor-element elementor-element-aa94b32 elementor-widget elementor-widget-html\" data-id=\"aa94b32\" data-element_type=\"widget\" data-e-type=\"widget\" data-widget_type=\"html.default\">\n\t\t\t\t\t<style>\r\n@import url('https:\/\/fonts.googleapis.com\/css2?family=Inter:wght@400;700;800;900&display=swap');\r\n\r\n\/* --- LES CARTES : EFFET VERRE CLAIR (FROSTED) --- *\/\r\n.pricing-item, \r\n.c27-pricing-plan,\r\n.drone-promo-container {\r\n    background: rgba(255, 255, 255, 0.05) !important; \r\n    backdrop-filter: blur(25px) saturate(150%) !important;\r\n    border: 1px solid rgba(255, 255, 255, 0.15) !important;\r\n    border-radius: 4px !important;\r\n    padding: 40px 20px !important;\r\n    transition: all 0.3s ease-in-out !important;\r\n}\r\n\r\n\/* --- SURVOL : PLUS LUMINEUX ET BORDURE MAUVE --- *\/\r\n.pricing-item:hover, \r\n.c27-pricing-plan:hover {\r\n    background: rgba(255, 255, 255, 0.1) !important;\r\n    border-color: #6A5ACD !important; \/* Rappel mauve au survol *\/\r\n    transform: translateY(-5px);\r\n}\r\n\r\n\/* --- TEXTE : NET ET \u00c9PUR\u00c9 --- *\/\r\n.pricing-item *, \r\n.c27-pricing-plan *,\r\n.drone-promo-container * {\r\n    color: #ffffff !important;\r\n    text-shadow: none !important;\r\n}\r\n\r\n\/* --- LE PRIX --- *\/\r\n.pricing-item .plan-price,\r\n.pricing-item .amount {\r\n    font-size: 48px !important;\r\n    font-weight: 800 !important;\r\n    letter-spacing: -1px !important;\r\n    margin: 15px 0 !important;\r\n}\r\n\r\n\/* --- BOUTON : ACCENT MAUVE --- *\/\r\n.pricing-item .buttons .btn,\r\n.c27-pricing-plan .btn {\r\n    background-color: #6A5ACD !important; \/* Changement du bleu vers Mauve #6A5ACD *\/\r\n    color: #ffffff !important; \/* Texte en blanc pour une meilleure lisibilit\u00e9 sur le mauve *\/\r\n    border: none !important;\r\n    border-radius: 2px !important;\r\n    font-weight: 800 !important;\r\n    text-transform: uppercase !important;\r\n    padding: 16px !important;\r\n    margin-top: 20px !important;\r\n    transition: opacity 0.2s ease;\r\n}\r\n\r\n.pricing-item .buttons .btn:hover,\r\n.c27-pricing-plan .btn:hover {\r\n    opacity: 0.9;\r\n}\r\n\r\n\/* --- BLOC PERFORMANCE (AVEC RAPPEL MAUVE) --- *\/\r\n.drone-promo-container {\r\n    background: rgba(255, 255, 255, 0.08) !important;\r\n    border-left: 4px solid #6A5ACD !important; \/* Changement de la bordure lat\u00e9rale *\/\r\n}\r\n\r\n\/* Suppression des s\u00e9parateurs de liste trop sombres *\/\r\n.pricing-item .plan-features ul li {\r\n    border-bottom: 1px solid rgba(255, 255, 255, 0.05) !important;\r\n    padding: 10px 0 !important;\r\n    font-size: 13px !important;\r\n    color: rgba(255, 255, 255, 0.8) !important;\r\n}\r\n<\/style>\t\t\t\t<\/div>\n\t\t\t\t<div class=\"elementor-element elementor-element-2db57f4 elementor-widget elementor-widget-case27-add-listing-widget\" data-id=\"2db57f4\" data-element_type=\"widget\" data-e-type=\"widget\" data-widget_type=\"case27-add-listing-widget.default\">\n\t\t\t\t<div class=\"elementor-widget-container\">\n\t\t\t\t\t\r\n\t\r\n<section class=\"i-section choose-type\">\r\n\t<div class=\"container-fluid\">\r\n\t\t<div class=\"row section-body\">\r\n\t\t\t\t\t<div class=\"col-md-4 elementor-repeater-item-8b43953 col-sm-6 col-xs-12 ac-category\">\r\n\t\t\t\t<div class=\"cat-card\">\r\n\t\t\t\t\t<a href=\"https:\/\/dronenetwork.ca\/en\/add-listing\/?listing_type=pilote\">\r\n\t\t\t\t\t\t<div class=\"ac-front-side face\">\r\n\t\t\t\t\t\t\t<div class=\"hovering-c\">\r\n\t\t\t\t\t\t\t\t<span class=\"cat-icon\" style=\"color: #fff;\">\r\n\t\t\t\t\t\t\t\t\t\t\t\t<i class=\"mi airplanemode_active\"><\/i>\r\n\t\t\t\t\t\t\t\t\t\t<\/span>\r\n\t\t\t\t\t\t\t\t<span class=\"category-name\">Pilote<\/span>\r\n\t\t\t\t\t\t\t<\/div>\r\n\t\t\t\t\t\t<\/div>\r\n\t\t\t\t\t\t<div class=\"ac-back-side face\">\r\n\t\t\t\t\t\t\t<div class=\"hovering-c\">\r\n\t\t\t\t\t\t\t\t<p>Choose type<\/p>\r\n\t\t\t\t\t\t\t<\/div>\r\n\t\t\t\t\t\t<\/div>\r\n\t\t\t\t\t<\/a>\r\n\t\t\t\t<\/div>\r\n\t\t\t<\/div>\r\n\t\t\t\t\t<div class=\"col-md-4 elementor-repeater-item-ec33033 col-sm-6 col-xs-12 ac-category\">\r\n\t\t\t\t<div class=\"cat-card\">\r\n\t\t\t\t\t<a href=\"https:\/\/dronenetwork.ca\/en\/add-listing\/?listing_type=boutique\">\r\n\t\t\t\t\t\t<div class=\"ac-front-side face\">\r\n\t\t\t\t\t\t\t<div class=\"hovering-c\">\r\n\t\t\t\t\t\t\t\t<span class=\"cat-icon\" style=\"color: #fff;\">\r\n\t\t\t\t\t\t\t\t\t\t\t\t<i class=\"mi account_balance\"><\/i>\r\n\t\t\t\t\t\t\t\t\t\t<\/span>\r\n\t\t\t\t\t\t\t\t<span class=\"category-name\">Boutique<\/span>\r\n\t\t\t\t\t\t\t<\/div>\r\n\t\t\t\t\t\t<\/div>\r\n\t\t\t\t\t\t<div class=\"ac-back-side face\">\r\n\t\t\t\t\t\t\t<div class=\"hovering-c\">\r\n\t\t\t\t\t\t\t\t<p>Choose type<\/p>\r\n\t\t\t\t\t\t\t<\/div>\r\n\t\t\t\t\t\t<\/div>\r\n\t\t\t\t\t<\/a>\r\n\t\t\t\t<\/div>\r\n\t\t\t<\/div>\r\n\t\t\t\t\t<div class=\"col-md-4 elementor-repeater-item-f72f4b0 col-sm-6 col-xs-12 ac-category\">\r\n\t\t\t\t<div class=\"cat-card\">\r\n\t\t\t\t\t<a href=\"https:\/\/dronenetwork.ca\/en\/add-listing\/?listing_type=682\">\r\n\t\t\t\t\t\t<div class=\"ac-front-side face\">\r\n\t\t\t\t\t\t\t<div class=\"hovering-c\">\r\n\t\t\t\t\t\t\t\t<span class=\"cat-icon\" style=\"color: #fff;\">\r\n\t\t\t\t\t\t\t\t\t\t\t\t<i class=\"\"><\/i>\r\n\t\t\t\t\t\t\t\t\t\t<\/span>\r\n\t\t\t\t\t\t\t\t<span class=\"category-name\">Logiciel<\/span>\r\n\t\t\t\t\t\t\t<\/div>\r\n\t\t\t\t\t\t<\/div>\r\n\t\t\t\t\t\t<div class=\"ac-back-side face\">\r\n\t\t\t\t\t\t\t<div class=\"hovering-c\">\r\n\t\t\t\t\t\t\t\t<p>Choose type<\/p>\r\n\t\t\t\t\t\t\t<\/div>\r\n\t\t\t\t\t\t<\/div>\r\n\t\t\t\t\t<\/a>\r\n\t\t\t\t<\/div>\r\n\t\t\t<\/div>\r\n\t\t\t\t\t<div class=\"col-md-4 elementor-repeater-item-921b203 col-sm-6 col-xs-12 ac-category\">\r\n\t\t\t\t<div class=\"cat-card\">\r\n\t\t\t\t\t<a href=\"https:\/\/dronenetwork.ca\/en\/add-listing\/?listing_type=forfait-assurance\">\r\n\t\t\t\t\t\t<div class=\"ac-front-side face\">\r\n\t\t\t\t\t\t\t<div class=\"hovering-c\">\r\n\t\t\t\t\t\t\t\t<span class=\"cat-icon\" style=\"color: #fff;\">\r\n\t\t\t\t\t\t\t\t\t\t\t\t<i class=\"mi add_circle\"><\/i>\r\n\t\t\t\t\t\t\t\t\t\t<\/span>\r\n\t\t\t\t\t\t\t\t<span class=\"category-name\">Assurance<\/span>\r\n\t\t\t\t\t\t\t<\/div>\r\n\t\t\t\t\t\t<\/div>\r\n\t\t\t\t\t\t<div class=\"ac-back-side face\">\r\n\t\t\t\t\t\t\t<div class=\"hovering-c\">\r\n\t\t\t\t\t\t\t\t<p>Choose type<\/p>\r\n\t\t\t\t\t\t\t<\/div>\r\n\t\t\t\t\t\t<\/div>\r\n\t\t\t\t\t<\/a>\r\n\t\t\t\t<\/div>\r\n\t\t\t<\/div>\r\n\t\t\t\t\t<div class=\"col-md-4 elementor-repeater-item-dbb4c0a col-sm-6 col-xs-12 ac-category\">\r\n\t\t\t\t<div class=\"cat-card\">\r\n\t\t\t\t\t<a href=\"https:\/\/dronenetwork.ca\/en\/add-listing\/?listing_type=ecole-de-pilotage\">\r\n\t\t\t\t\t\t<div class=\"ac-front-side face\">\r\n\t\t\t\t\t\t\t<div class=\"hovering-c\">\r\n\t\t\t\t\t\t\t\t<span class=\"cat-icon\" style=\"color: #fff;\">\r\n\t\t\t\t\t\t\t\t\t\t\t\t<i class=\"\"><\/i>\r\n\t\t\t\t\t\t\t\t\t\t<\/span>\r\n\t\t\t\t\t\t\t\t<span class=\"category-name\">\u00c9cole de pilotage<\/span>\r\n\t\t\t\t\t\t\t<\/div>\r\n\t\t\t\t\t\t<\/div>\r\n\t\t\t\t\t\t<div class=\"ac-back-side face\">\r\n\t\t\t\t\t\t\t<div class=\"hovering-c\">\r\n\t\t\t\t\t\t\t\t<p>Choose type<\/p>\r\n\t\t\t\t\t\t\t<\/div>\r\n\t\t\t\t\t\t<\/div>\r\n\t\t\t\t\t<\/a>\r\n\t\t\t\t<\/div>\r\n\t\t\t<\/div>\r\n\t\t\t\t<\/div>\r\n\t<\/div>\r\n<\/section>\r\n\t\t\t\t<\/div>\n\t\t\t\t<\/div>\n\t\t\t\t\t<\/div>\n\t\t<\/div>\n\t\t\t\t\t<\/div>\n\t\t<\/section>\n\t\t<div class=\"elementor-element elementor-element-2c12abf e-flex e-con-boxed e-con e-parent\" data-id=\"2c12abf\" data-element_type=\"container\" data-e-type=\"container\">\n\t\t\t\t\t<div class=\"e-con-inner\">\n\t\t\t\t<div class=\"elementor-element elementor-element-ed306fe elementor-widget elementor-widget-html\" data-id=\"ed306fe\" data-element_type=\"widget\" data-e-type=\"widget\" data-widget_type=\"html.default\">\n\t\t\t\t\t<footer id=\"bas-de-page\" class=\"footer-apex\">\r\n    <div class=\"footer-container\">\r\n        \r\n        <div class=\"footer-col brand-col\">\r\n            <h3 class=\"footer-logo\">DRONENETWORK<\/h3>\r\n            <p class=\"footer-about\">\r\n                Solutions professionnelles pour l'industrie du drone. \r\n                 \r\n                Propuls\u00e9 par <strong>ApexRpas Solutions Drones Qu\u00e9bec<\/strong>.\r\n            <\/p>\r\n        <\/div>\r\n\r\n        <div class=\"footer-col\">\r\n            <h4>NAVIGATION<\/h4>\r\n            <ul>\r\n                <li><a href=\"\/en\/portail-pilote\/\">Portail Pilote<\/a><\/li>\r\n                <li><a href=\"\/en\/le-hub\/\">Partners Hub<\/a><\/li>\r\n                <li><a href=\"\/en\/ecosysteme-connect\/\">Connect+ Ecosystem<\/a><\/li>\r\n            <\/ul>\r\n        <\/div>\r\n\r\n        <div class=\"footer-col\">\r\n            <h4>ASSISTANCE<\/h4>\r\n            <ul>\r\n                <li><a href=\"\/en\/faq\/\">Frequently Asked Questions<\/a><\/li>\r\n                <li><a href=\"\/en\/faq\/#bas-de-page\">Help center<\/a><\/li>\r\n                <li><a href=\"\/en\/privacy-policy\/\">Legal Terms<\/a><\/li>\r\n            <\/ul>\r\n        <\/div>\r\n\r\n    <\/div>\r\n\r\n    <div class=\"footer-bottom\">\r\n        <div class=\"footer-bottom-content\">\r\n            <p>&copy; 2026 <span class=\"footer-highlight\">DRONENETWORK<\/span> | ALL RIGHTS RESERVED | APEXRPAS DRONE SOLUTIONS QUEBEC |<\/p>\r\n        <\/div>\r\n    <\/div>\r\n<\/footer>\r\n\r\n<style>\r\n@import url('https:\/\/fonts.googleapis.com\/css2?family=Inter+Tight:wght@400;500;700;800;900&display=swap');\r\n\r\n\/* 1. FORCE LA PLEINE LARGEUR *\/\r\n.footer-apex {\r\n    background-color: #0b111a; \r\n    color: #ffffff;\r\n    font-family: 'Inter Tight', sans-serif;\r\n    padding: 100px 0 40px 0;\r\n    border-top: 1px solid rgba(255, 255, 255, 0.1);\r\n    width: 100vw;\r\n    position: relative;\r\n    left: 50%;\r\n    right: 50%;\r\n    margin-left: -50vw;\r\n    margin-right: -50vw;\r\n}\r\n\r\n.footer-container {\r\n    max-width: 1400px;\r\n    margin: 0 auto;\r\n    display: flex;\r\n    flex-wrap: wrap;\r\n    justify-content: space-between;\r\n    gap: 60px;\r\n    padding: 0 5%;\r\n}\r\n\r\n.footer-col {\r\n    flex: 1;\r\n    min-width: 250px;\r\n}\r\n\r\n.brand-col {\r\n    flex: 2; \r\n    max-width: 500px;\r\n}\r\n\r\n\/* 3. TYPOGRAPHIE ET STYLE *\/\r\n.footer-logo {\r\n    color: #6A5ACD !important; \/* Changement en mauve *\/\r\n    font-size: 38px;\r\n    font-weight: 900;\r\n    letter-spacing: -1.5px;\r\n    margin: 0 0 25px 0;\r\n    line-height: 1;\r\n}\r\n\r\n\/* Style pour le rappel mauve en bas de page *\/\r\n.footer-highlight {\r\n    color: #6A5ACD;\r\n}\r\n\r\n.footer-about {\r\n    color: rgba(255, 255, 255, 0.6); \r\n    font-size: 16px;\r\n    line-height: 1.8;\r\n    font-weight: 400;\r\n}\r\n\r\n.footer-col h4 {\r\n    color: #ffffff;\r\n    font-size: 15px;\r\n    font-weight: 800;\r\n    margin: 0 0 30px 0;\r\n    text-transform: uppercase;\r\n    letter-spacing: 2.5px;\r\n}\r\n\r\n.footer-col ul {\r\n    list-style: none;\r\n    padding: 0;\r\n    margin: 0;\r\n}\r\n\r\n.footer-col ul li {\r\n    margin-bottom: 18px;\r\n}\r\n\r\n.footer-col ul li a {\r\n    color: rgba(255, 255, 255, 0.5);\r\n    text-decoration: none;\r\n    font-size: 16px;\r\n    font-weight: 500;\r\n    transition: all 0.3s ease;\r\n}\r\n\r\n.footer-col ul li a:hover {\r\n    color: #6A5ACD; \/* Survol des liens \u00e9galement en mauve *\/\r\n    padding-left: 5px;\r\n}\r\n\r\n\/* 4. BARRE INF\u00c9RIEURE *\/\r\n.footer-bottom {\r\n    margin-top: 100px;\r\n    padding-top: 30px;\r\n    border-top: 1px solid rgba(255, 255, 255, 0.05);\r\n}\r\n\r\n.footer-bottom-content {\r\n    max-width: 1400px;\r\n    margin: 0 auto;\r\n    padding: 0 5%;\r\n    text-align: center;\r\n}\r\n\r\n.footer-bottom p {\r\n    color: rgba(255, 255, 255, 0.3); \r\n    font-size: 12px;\r\n    font-weight: 600;\r\n    letter-spacing: 2px;\r\n    text-transform: uppercase;\r\n    margin: 0;\r\n}\r\n\r\n\/* 5. RESPONSIVE *\/\r\n@media (max-width: 991px) {\r\n    .footer-container {\r\n        flex-direction: column;\r\n        gap: 50px;\r\n    }\r\n    \r\n    .footer-apex {\r\n        width: 100%;\r\n        left: 0;\r\n        right: 0;\r\n        margin-left: 0;\r\n        margin-right: 0;\r\n    }\r\n\r\n    .brand-col {\r\n        max-width: 100%;\r\n    }\r\n}\r\n<\/style>\t\t\t\t<\/div>\n\t\t\t\t\t<\/div>\n\t\t\t\t<\/div>\n\t\t\t\t<\/div>","protected":false},"excerpt":{"rendered":"<p>DRONENETWORK Solutions professionnelles pour l&rsquo;industrie du drone. Propuls\u00e9 par ApexRpas Solutions Drones Qu\u00e9bec. NAVIGATION Portail Pilote Partenaires Hub \u00c9cosyst\u00e8me Connect+ ASSISTANCE Foire aux questions Centre d&rsquo;assistance Conditions l\u00e9gales &copy; 2026 DRONENETWORK | TOUS DROITS R\u00c9SERV\u00c9S | APEXRPAS SOLUTIONS DRONES QU\u00c9BEC<\/p>","protected":false},"author":1,"featured_media":0,"parent":0,"menu_order":0,"comment_status":"closed","ping_status":"closed","template":"","meta":{"footnotes":""},"class_list":["post-247","page","type-page","status-publish","hentry"],"yoast_head":"<!-- This site is optimized with the Yoast SEO plugin v27.5 - https:\/\/yoast.com\/product\/yoast-seo-wordpress\/ -->\n<title>Add listing - Drone Network<\/title>\n<meta name=\"robots\" content=\"index, follow, max-snippet:-1, max-image-preview:large, max-video-preview:-1\" \/>\n<link rel=\"canonical\" href=\"https:\/\/darksalmon-goldfinch-487491.hostingersite.com\/add-listing\/\" \/>\n<meta property=\"og:locale\" content=\"en_US\" \/>\n<meta property=\"og:type\" content=\"article\" \/>\n<meta property=\"og:title\" content=\"Add listing - Drone Network\" \/>\n<meta property=\"og:description\" content=\"DRONENETWORK Solutions professionnelles pour l&rsquo;industrie du drone. Propuls\u00e9 par ApexRpas Solutions Drones Qu\u00e9bec. NAVIGATION Portail Pilote Partenaires Hub \u00c9cosyst\u00e8me Connect+ ASSISTANCE Foire aux questions Centre d&rsquo;assistance Conditions l\u00e9gales &copy; 2026 DRONENETWORK | TOUS DROITS R\u00c9SERV\u00c9S | APEXRPAS SOLUTIONS DRONES QU\u00c9BEC\" \/>\n<meta property=\"og:url\" content=\"https:\/\/darksalmon-goldfinch-487491.hostingersite.com\/add-listing\/\" \/>\n<meta property=\"og:site_name\" content=\"Drone Network\" \/>\n<meta property=\"article:modified_time\" content=\"2026-05-09T01:21:49+00:00\" \/>\n<meta name=\"twitter:card\" content=\"summary_large_image\" \/>\n<script type=\"application\/ld+json\" class=\"yoast-schema-graph\">{\"@context\":\"https:\\\/\\\/schema.org\",\"@graph\":[{\"@type\":\"WebPage\",\"@id\":\"https:\\\/\\\/darksalmon-goldfinch-487491.hostingersite.com\\\/add-listing\\\/\",\"url\":\"https:\\\/\\\/darksalmon-goldfinch-487491.hostingersite.com\\\/add-listing\\\/\",\"name\":\"Add listing - Drone Network\",\"isPartOf\":{\"@id\":\"https:\\\/\\\/darksalmon-goldfinch-487491.hostingersite.com\\\/#website\"},\"datePublished\":\"2026-04-01T01:22:05+00:00\",\"dateModified\":\"2026-05-09T01:21:49+00:00\",\"breadcrumb\":{\"@id\":\"https:\\\/\\\/darksalmon-goldfinch-487491.hostingersite.com\\\/add-listing\\\/#breadcrumb\"},\"inLanguage\":\"en-CA\",\"potentialAction\":[{\"@type\":\"ReadAction\",\"target\":[\"https:\\\/\\\/darksalmon-goldfinch-487491.hostingersite.com\\\/add-listing\\\/\"]}]},{\"@type\":\"BreadcrumbList\",\"@id\":\"https:\\\/\\\/darksalmon-goldfinch-487491.hostingersite.com\\\/add-listing\\\/#breadcrumb\",\"itemListElement\":[{\"@type\":\"ListItem\",\"position\":1,\"name\":\"Accueil\",\"item\":\"https:\\\/\\\/darksalmon-goldfinch-487491.hostingersite.com\\\/\"},{\"@type\":\"ListItem\",\"position\":2,\"name\":\"Add listing\"}]},{\"@type\":\"WebSite\",\"@id\":\"https:\\\/\\\/darksalmon-goldfinch-487491.hostingersite.com\\\/#website\",\"url\":\"https:\\\/\\\/darksalmon-goldfinch-487491.hostingersite.com\\\/\",\"name\":\"Drone Network\",\"description\":\"Le r\u00e9seau #1 des pilotes et experts drones au Canada.\",\"potentialAction\":[{\"@type\":\"SearchAction\",\"target\":{\"@type\":\"EntryPoint\",\"urlTemplate\":\"https:\\\/\\\/darksalmon-goldfinch-487491.hostingersite.com\\\/?s={search_term_string}\"},\"query-input\":{\"@type\":\"PropertyValueSpecification\",\"valueRequired\":true,\"valueName\":\"search_term_string\"}}],\"inLanguage\":\"en-CA\"}]}<\/script>\n<!-- \/ Yoast SEO plugin. -->","yoast_head_json":{"title":"Add listing - Drone Network","robots":{"index":"index","follow":"follow","max-snippet":"max-snippet:-1","max-image-preview":"max-image-preview:large","max-video-preview":"max-video-preview:-1"},"canonical":"https:\/\/darksalmon-goldfinch-487491.hostingersite.com\/add-listing\/","og_locale":"en_US","og_type":"article","og_title":"Add listing - Drone Network","og_description":"DRONENETWORK Solutions professionnelles pour l&rsquo;industrie du drone. Propuls\u00e9 par ApexRpas Solutions Drones Qu\u00e9bec. NAVIGATION Portail Pilote Partenaires Hub \u00c9cosyst\u00e8me Connect+ ASSISTANCE Foire aux questions Centre d&rsquo;assistance Conditions l\u00e9gales &copy; 2026 DRONENETWORK | TOUS DROITS R\u00c9SERV\u00c9S | APEXRPAS SOLUTIONS DRONES QU\u00c9BEC","og_url":"https:\/\/darksalmon-goldfinch-487491.hostingersite.com\/add-listing\/","og_site_name":"Drone Network","article_modified_time":"2026-05-09T01:21:49+00:00","twitter_card":"summary_large_image","schema":{"@context":"https:\/\/schema.org","@graph":[{"@type":"WebPage","@id":"https:\/\/darksalmon-goldfinch-487491.hostingersite.com\/add-listing\/","url":"https:\/\/darksalmon-goldfinch-487491.hostingersite.com\/add-listing\/","name":"Add listing - Drone Network","isPartOf":{"@id":"https:\/\/darksalmon-goldfinch-487491.hostingersite.com\/#website"},"datePublished":"2026-04-01T01:22:05+00:00","dateModified":"2026-05-09T01:21:49+00:00","breadcrumb":{"@id":"https:\/\/darksalmon-goldfinch-487491.hostingersite.com\/add-listing\/#breadcrumb"},"inLanguage":"en-CA","potentialAction":[{"@type":"ReadAction","target":["https:\/\/darksalmon-goldfinch-487491.hostingersite.com\/add-listing\/"]}]},{"@type":"BreadcrumbList","@id":"https:\/\/darksalmon-goldfinch-487491.hostingersite.com\/add-listing\/#breadcrumb","itemListElement":[{"@type":"ListItem","position":1,"name":"Accueil","item":"https:\/\/darksalmon-goldfinch-487491.hostingersite.com\/"},{"@type":"ListItem","position":2,"name":"Add listing"}]},{"@type":"WebSite","@id":"https:\/\/darksalmon-goldfinch-487491.hostingersite.com\/#website","url":"https:\/\/darksalmon-goldfinch-487491.hostingersite.com\/","name":"Drone Network","description":"Le r\u00e9seau #1 des pilotes et experts drones au Canada.","potentialAction":[{"@type":"SearchAction","target":{"@type":"EntryPoint","urlTemplate":"https:\/\/darksalmon-goldfinch-487491.hostingersite.com\/?s={search_term_string}"},"query-input":{"@type":"PropertyValueSpecification","valueRequired":true,"valueName":"search_term_string"}}],"inLanguage":"en-CA"}]}},"_hostinger_reach_plugin_has_subscription_block":false,"_hostinger_reach_plugin_is_elementor":false,"_links":{"self":[{"href":"https:\/\/dronenetwork.ca\/en\/wp-json\/wp\/v2\/pages\/247","targetHints":{"allow":["GET"]}}],"collection":[{"href":"https:\/\/dronenetwork.ca\/en\/wp-json\/wp\/v2\/pages"}],"about":[{"href":"https:\/\/dronenetwork.ca\/en\/wp-json\/wp\/v2\/types\/page"}],"author":[{"embeddable":true,"href":"https:\/\/dronenetwork.ca\/en\/wp-json\/wp\/v2\/users\/1"}],"replies":[{"embeddable":true,"href":"https:\/\/dronenetwork.ca\/en\/wp-json\/wp\/v2\/comments?post=247"}],"version-history":[{"count":117,"href":"https:\/\/dronenetwork.ca\/en\/wp-json\/wp\/v2\/pages\/247\/revisions"}],"predecessor-version":[{"id":2177,"href":"https:\/\/dronenetwork.ca\/en\/wp-json\/wp\/v2\/pages\/247\/revisions\/2177"}],"wp:attachment":[{"href":"https:\/\/dronenetwork.ca\/en\/wp-json\/wp\/v2\/media?parent=247"}],"curies":[{"name":"wp","href":"https:\/\/api.w.org\/{rel}","templated":true}]}}