{"id":370,"date":"2026-04-01T23:57:20","date_gmt":"2026-04-01T23:57:20","guid":{"rendered":"https:\/\/dronenetwork.ca\/?post_type=product&#038;p=370"},"modified":"2026-04-16T18:28:36","modified_gmt":"2026-04-16T18:28:36","slug":"fiche-pro","status":"publish","type":"product","link":"https:\/\/dronenetwork.ca\/en\/product\/fiche-pro\/","title":{"rendered":"Pro Listing\/ year"},"content":{"rendered":"<p>Upgrade to a professional profile with logo, services, and a direct call button. Add your website and social media links with a \u201cVerified\u201d badge. Increase your visibility and attract more qualified client requests.<\/p>","protected":false},"excerpt":{"rendered":"<p>Upgrade to a professional profile with logo, services, and a direct call button. Add your website and social media links with a \u201cVerified\u201d badge. Increase your visibility and attract more qualified client requests.<\/p>","protected":false},"featured_media":0,"template":"","meta":[],"product_brand":[],"product_cat":[15],"product_tag":[],"class_list":{"0":"post-370","1":"product","2":"type-product","3":"status-publish","5":"product_cat-uncategorized","7":"first","8":"instock","9":"virtual","10":"sold-individually","11":"taxable","12":"purchasable","13":"product-type-job_package"},"yoast_head":"<!-- This site is optimized with the Yoast SEO plugin v27.5 - https:\/\/yoast.com\/product\/yoast-seo-wordpress\/ -->\n<title>Fiche Pro\/ an - Drone Network<\/title>\n<meta name=\"robots\" content=\"index, follow, max-snippet:-1, max-image-preview:large, max-video-preview:-1\" \/>\n<link rel=\"canonical\" href=\"https:\/\/darksalmon-goldfinch-487491.hostingersite.com\/product\/fiche-pro\/\" \/>\n<meta property=\"og:locale\" content=\"en_US\" \/>\n<meta property=\"og:type\" content=\"article\" \/>\n<meta property=\"og:title\" content=\"Fiche Pro\/ an - Drone Network\" \/>\n<meta property=\"og:description\" content=\"Passez au niveau professionnel avec un profil complet incluant logo, services et bouton d\u2019appel direct. Ajoutez vos liens web et r\u00e9seaux sociaux avec un badge \u201cV\u00e9rifi\u00e9\u201d. G\u00e9n\u00e9rez plus de visibilit\u00e9 et de demandes clients qualifi\u00e9s.\" \/>\n<meta property=\"og:url\" content=\"https:\/\/darksalmon-goldfinch-487491.hostingersite.com\/product\/fiche-pro\/\" \/>\n<meta property=\"og:site_name\" content=\"Drone Network\" \/>\n<meta property=\"article:modified_time\" content=\"2026-04-16T18:28:36+00:00\" \/>\n<meta name=\"twitter:card\" content=\"summary_large_image\" \/>\n<script type=\"application\/ld+json\" class=\"yoast-schema-graph\">{\"@context\":\"https:\\\/\\\/schema.org\",\"@graph\":[{\"@type\":\"WebPage\",\"@id\":\"https:\\\/\\\/darksalmon-goldfinch-487491.hostingersite.com\\\/product\\\/fiche-pro\\\/\",\"url\":\"https:\\\/\\\/darksalmon-goldfinch-487491.hostingersite.com\\\/product\\\/fiche-pro\\\/\",\"name\":\"Fiche Pro\\\/ an - Drone Network\",\"isPartOf\":{\"@id\":\"https:\\\/\\\/darksalmon-goldfinch-487491.hostingersite.com\\\/#website\"},\"datePublished\":\"2026-04-01T23:57:20+00:00\",\"dateModified\":\"2026-04-16T18:28:36+00:00\",\"breadcrumb\":{\"@id\":\"https:\\\/\\\/darksalmon-goldfinch-487491.hostingersite.com\\\/product\\\/fiche-pro\\\/#breadcrumb\"},\"inLanguage\":\"en-CA\",\"potentialAction\":[{\"@type\":\"ReadAction\",\"target\":[\"https:\\\/\\\/darksalmon-goldfinch-487491.hostingersite.com\\\/product\\\/fiche-pro\\\/\"]}]},{\"@type\":\"BreadcrumbList\",\"@id\":\"https:\\\/\\\/darksalmon-goldfinch-487491.hostingersite.com\\\/product\\\/fiche-pro\\\/#breadcrumb\",\"itemListElement\":[{\"@type\":\"ListItem\",\"position\":1,\"name\":\"Accueil\",\"item\":\"https:\\\/\\\/darksalmon-goldfinch-487491.hostingersite.com\\\/\"},{\"@type\":\"ListItem\",\"position\":2,\"name\":\"Shop\",\"item\":\"https:\\\/\\\/darksalmon-goldfinch-487491.hostingersite.com\\\/shop-2\\\/\"},{\"@type\":\"ListItem\",\"position\":3,\"name\":\"Fiche Pro\\\/ an\"}]},{\"@type\":\"WebSite\",\"@id\":\"https:\\\/\\\/darksalmon-goldfinch-487491.hostingersite.com\\\/#website\",\"url\":\"https:\\\/\\\/darksalmon-goldfinch-487491.hostingersite.com\\\/\",\"name\":\"Drone Network\",\"description\":\"Le r\u00e9seau #1 des pilotes et experts drones au Canada.\",\"potentialAction\":[{\"@type\":\"SearchAction\",\"target\":{\"@type\":\"EntryPoint\",\"urlTemplate\":\"https:\\\/\\\/darksalmon-goldfinch-487491.hostingersite.com\\\/?s={search_term_string}\"},\"query-input\":{\"@type\":\"PropertyValueSpecification\",\"valueRequired\":true,\"valueName\":\"search_term_string\"}}],\"inLanguage\":\"en-CA\"}]}<\/script>\n<!-- \/ Yoast SEO plugin. -->","yoast_head_json":{"title":"Fiche Pro\/ an - Drone Network","robots":{"index":"index","follow":"follow","max-snippet":"max-snippet:-1","max-image-preview":"max-image-preview:large","max-video-preview":"max-video-preview:-1"},"canonical":"https:\/\/darksalmon-goldfinch-487491.hostingersite.com\/product\/fiche-pro\/","og_locale":"en_US","og_type":"article","og_title":"Fiche Pro\/ an - Drone Network","og_description":"Passez au niveau professionnel avec un profil complet incluant logo, services et bouton d\u2019appel direct. Ajoutez vos liens web et r\u00e9seaux sociaux avec un badge \u201cV\u00e9rifi\u00e9\u201d. G\u00e9n\u00e9rez plus de visibilit\u00e9 et de demandes clients qualifi\u00e9s.","og_url":"https:\/\/darksalmon-goldfinch-487491.hostingersite.com\/product\/fiche-pro\/","og_site_name":"Drone Network","article_modified_time":"2026-04-16T18:28:36+00:00","twitter_card":"summary_large_image","schema":{"@context":"https:\/\/schema.org","@graph":[{"@type":"WebPage","@id":"https:\/\/darksalmon-goldfinch-487491.hostingersite.com\/product\/fiche-pro\/","url":"https:\/\/darksalmon-goldfinch-487491.hostingersite.com\/product\/fiche-pro\/","name":"Fiche Pro\/ an - Drone Network","isPartOf":{"@id":"https:\/\/darksalmon-goldfinch-487491.hostingersite.com\/#website"},"datePublished":"2026-04-01T23:57:20+00:00","dateModified":"2026-04-16T18:28:36+00:00","breadcrumb":{"@id":"https:\/\/darksalmon-goldfinch-487491.hostingersite.com\/product\/fiche-pro\/#breadcrumb"},"inLanguage":"en-CA","potentialAction":[{"@type":"ReadAction","target":["https:\/\/darksalmon-goldfinch-487491.hostingersite.com\/product\/fiche-pro\/"]}]},{"@type":"BreadcrumbList","@id":"https:\/\/darksalmon-goldfinch-487491.hostingersite.com\/product\/fiche-pro\/#breadcrumb","itemListElement":[{"@type":"ListItem","position":1,"name":"Accueil","item":"https:\/\/darksalmon-goldfinch-487491.hostingersite.com\/"},{"@type":"ListItem","position":2,"name":"Shop","item":"https:\/\/darksalmon-goldfinch-487491.hostingersite.com\/shop-2\/"},{"@type":"ListItem","position":3,"name":"Fiche Pro\/ an"}]},{"@type":"WebSite","@id":"https:\/\/darksalmon-goldfinch-487491.hostingersite.com\/#website","url":"https:\/\/darksalmon-goldfinch-487491.hostingersite.com\/","name":"Drone Network","description":"Le r\u00e9seau #1 des pilotes et experts drones au Canada.","potentialAction":[{"@type":"SearchAction","target":{"@type":"EntryPoint","urlTemplate":"https:\/\/darksalmon-goldfinch-487491.hostingersite.com\/?s={search_term_string}"},"query-input":{"@type":"PropertyValueSpecification","valueRequired":true,"valueName":"search_term_string"}}],"inLanguage":"en-CA"}]}},"_links":{"self":[{"href":"https:\/\/dronenetwork.ca\/en\/wp-json\/wp\/v2\/product\/370","targetHints":{"allow":["GET"]}}],"collection":[{"href":"https:\/\/dronenetwork.ca\/en\/wp-json\/wp\/v2\/product"}],"about":[{"href":"https:\/\/dronenetwork.ca\/en\/wp-json\/wp\/v2\/types\/product"}],"wp:attachment":[{"href":"https:\/\/dronenetwork.ca\/en\/wp-json\/wp\/v2\/media?parent=370"}],"wp:term":[{"taxonomy":"product_brand","embeddable":true,"href":"https:\/\/dronenetwork.ca\/en\/wp-json\/wp\/v2\/product_brand?post=370"},{"taxonomy":"product_cat","embeddable":true,"href":"https:\/\/dronenetwork.ca\/en\/wp-json\/wp\/v2\/product_cat?post=370"},{"taxonomy":"product_tag","embeddable":true,"href":"https:\/\/dronenetwork.ca\/en\/wp-json\/wp\/v2\/product_tag?post=370"}],"curies":[{"name":"wp","href":"https:\/\/api.w.org\/{rel}","templated":true}]}}