{"id":372,"date":"2026-04-01T23:59:44","date_gmt":"2026-04-01T23:59:44","guid":{"rendered":"https:\/\/dronenetwork.ca\/?post_type=product&#038;p=372"},"modified":"2026-04-16T18:28:42","modified_gmt":"2026-04-16T18:28:42","slug":"fiche-standard-gratuite","status":"publish","type":"product","link":"https:\/\/dronenetwork.ca\/en\/product\/fiche-standard-gratuite\/","title":{"rendered":"Standard Listing (Free)"},"content":{"rendered":"<p>Create your basic listing and start being visible on the platform. One service is displayed with email-only contact. This is the simplest way to establish your online presence.<\/p>\n<p>&nbsp;<\/p>","protected":false},"excerpt":{"rendered":"<p>Create your basic listing and start being visible on the platform. One service is displayed with email-only contact. This is the simplest way to establish your online presence. &nbsp;<\/p>","protected":false},"featured_media":0,"template":"","meta":[],"product_brand":[],"product_cat":[104,15],"product_tag":[],"class_list":{"0":"post-372","1":"product","2":"type-product","3":"status-publish","5":"product_cat-pilote","6":"product_cat-uncategorized","8":"first","9":"instock","10":"virtual","11":"sold-individually","12":"taxable","13":"purchasable","14":"product-type-job_package"},"yoast_head":"<!-- This site is optimized with the Yoast SEO plugin v27.5 - https:\/\/yoast.com\/product\/yoast-seo-wordpress\/ -->\n<title>Fiche Standard (Gratuite) - Drone Network<\/title>\n<meta name=\"robots\" content=\"index, follow, max-snippet:-1, max-image-preview:large, max-video-preview:-1\" \/>\n<link rel=\"canonical\" href=\"https:\/\/darksalmon-goldfinch-487491.hostingersite.com\/product\/fiche-standard-gratuite\/\" \/>\n<meta property=\"og:locale\" content=\"en_US\" \/>\n<meta property=\"og:type\" content=\"article\" \/>\n<meta property=\"og:title\" content=\"Fiche Standard (Gratuite) - Drone Network\" \/>\n<meta property=\"og:description\" content=\"Cr\u00e9ez votre fiche de base et commencez \u00e0 \u00eatre visible sur la plateforme. Un service est affich\u00e9 avec contact par courriel uniquement. C\u2019est la solution simple pour \u00e9tablir votre pr\u00e9sence en ligne. &nbsp;\" \/>\n<meta property=\"og:url\" content=\"https:\/\/darksalmon-goldfinch-487491.hostingersite.com\/product\/fiche-standard-gratuite\/\" \/>\n<meta property=\"og:site_name\" content=\"Drone Network\" \/>\n<meta property=\"article:modified_time\" content=\"2026-04-16T18:28:42+00:00\" \/>\n<meta name=\"twitter:card\" content=\"summary_large_image\" \/>\n<script type=\"application\/ld+json\" class=\"yoast-schema-graph\">{\"@context\":\"https:\\\/\\\/schema.org\",\"@graph\":[{\"@type\":\"WebPage\",\"@id\":\"https:\\\/\\\/darksalmon-goldfinch-487491.hostingersite.com\\\/product\\\/fiche-standard-gratuite\\\/\",\"url\":\"https:\\\/\\\/darksalmon-goldfinch-487491.hostingersite.com\\\/product\\\/fiche-standard-gratuite\\\/\",\"name\":\"Fiche Standard (Gratuite) - Drone Network\",\"isPartOf\":{\"@id\":\"https:\\\/\\\/darksalmon-goldfinch-487491.hostingersite.com\\\/#website\"},\"datePublished\":\"2026-04-01T23:59:44+00:00\",\"dateModified\":\"2026-04-16T18:28:42+00:00\",\"breadcrumb\":{\"@id\":\"https:\\\/\\\/darksalmon-goldfinch-487491.hostingersite.com\\\/product\\\/fiche-standard-gratuite\\\/#breadcrumb\"},\"inLanguage\":\"en-CA\",\"potentialAction\":[{\"@type\":\"ReadAction\",\"target\":[\"https:\\\/\\\/darksalmon-goldfinch-487491.hostingersite.com\\\/product\\\/fiche-standard-gratuite\\\/\"]}]},{\"@type\":\"BreadcrumbList\",\"@id\":\"https:\\\/\\\/darksalmon-goldfinch-487491.hostingersite.com\\\/product\\\/fiche-standard-gratuite\\\/#breadcrumb\",\"itemListElement\":[{\"@type\":\"ListItem\",\"position\":1,\"name\":\"Accueil\",\"item\":\"https:\\\/\\\/darksalmon-goldfinch-487491.hostingersite.com\\\/\"},{\"@type\":\"ListItem\",\"position\":2,\"name\":\"Shop\",\"item\":\"https:\\\/\\\/darksalmon-goldfinch-487491.hostingersite.com\\\/shop-2\\\/\"},{\"@type\":\"ListItem\",\"position\":3,\"name\":\"Fiche Standard (Gratuite)\"}]},{\"@type\":\"WebSite\",\"@id\":\"https:\\\/\\\/darksalmon-goldfinch-487491.hostingersite.com\\\/#website\",\"url\":\"https:\\\/\\\/darksalmon-goldfinch-487491.hostingersite.com\\\/\",\"name\":\"Drone Network\",\"description\":\"Le r\u00e9seau #1 des pilotes et experts drones au Canada.\",\"potentialAction\":[{\"@type\":\"SearchAction\",\"target\":{\"@type\":\"EntryPoint\",\"urlTemplate\":\"https:\\\/\\\/darksalmon-goldfinch-487491.hostingersite.com\\\/?s={search_term_string}\"},\"query-input\":{\"@type\":\"PropertyValueSpecification\",\"valueRequired\":true,\"valueName\":\"search_term_string\"}}],\"inLanguage\":\"en-CA\"}]}<\/script>\n<!-- \/ Yoast SEO plugin. -->","yoast_head_json":{"title":"Fiche Standard (Gratuite) - Drone Network","robots":{"index":"index","follow":"follow","max-snippet":"max-snippet:-1","max-image-preview":"max-image-preview:large","max-video-preview":"max-video-preview:-1"},"canonical":"https:\/\/darksalmon-goldfinch-487491.hostingersite.com\/product\/fiche-standard-gratuite\/","og_locale":"en_US","og_type":"article","og_title":"Fiche Standard (Gratuite) - Drone Network","og_description":"Cr\u00e9ez votre fiche de base et commencez \u00e0 \u00eatre visible sur la plateforme. Un service est affich\u00e9 avec contact par courriel uniquement. C\u2019est la solution simple pour \u00e9tablir votre pr\u00e9sence en ligne. &nbsp;","og_url":"https:\/\/darksalmon-goldfinch-487491.hostingersite.com\/product\/fiche-standard-gratuite\/","og_site_name":"Drone Network","article_modified_time":"2026-04-16T18:28:42+00:00","twitter_card":"summary_large_image","schema":{"@context":"https:\/\/schema.org","@graph":[{"@type":"WebPage","@id":"https:\/\/darksalmon-goldfinch-487491.hostingersite.com\/product\/fiche-standard-gratuite\/","url":"https:\/\/darksalmon-goldfinch-487491.hostingersite.com\/product\/fiche-standard-gratuite\/","name":"Fiche Standard (Gratuite) - Drone Network","isPartOf":{"@id":"https:\/\/darksalmon-goldfinch-487491.hostingersite.com\/#website"},"datePublished":"2026-04-01T23:59:44+00:00","dateModified":"2026-04-16T18:28:42+00:00","breadcrumb":{"@id":"https:\/\/darksalmon-goldfinch-487491.hostingersite.com\/product\/fiche-standard-gratuite\/#breadcrumb"},"inLanguage":"en-CA","potentialAction":[{"@type":"ReadAction","target":["https:\/\/darksalmon-goldfinch-487491.hostingersite.com\/product\/fiche-standard-gratuite\/"]}]},{"@type":"BreadcrumbList","@id":"https:\/\/darksalmon-goldfinch-487491.hostingersite.com\/product\/fiche-standard-gratuite\/#breadcrumb","itemListElement":[{"@type":"ListItem","position":1,"name":"Accueil","item":"https:\/\/darksalmon-goldfinch-487491.hostingersite.com\/"},{"@type":"ListItem","position":2,"name":"Shop","item":"https:\/\/darksalmon-goldfinch-487491.hostingersite.com\/shop-2\/"},{"@type":"ListItem","position":3,"name":"Fiche Standard (Gratuite)"}]},{"@type":"WebSite","@id":"https:\/\/darksalmon-goldfinch-487491.hostingersite.com\/#website","url":"https:\/\/darksalmon-goldfinch-487491.hostingersite.com\/","name":"Drone Network","description":"Le r\u00e9seau #1 des pilotes et experts drones au Canada.","potentialAction":[{"@type":"SearchAction","target":{"@type":"EntryPoint","urlTemplate":"https:\/\/darksalmon-goldfinch-487491.hostingersite.com\/?s={search_term_string}"},"query-input":{"@type":"PropertyValueSpecification","valueRequired":true,"valueName":"search_term_string"}}],"inLanguage":"en-CA"}]}},"_links":{"self":[{"href":"https:\/\/dronenetwork.ca\/en\/wp-json\/wp\/v2\/product\/372","targetHints":{"allow":["GET"]}}],"collection":[{"href":"https:\/\/dronenetwork.ca\/en\/wp-json\/wp\/v2\/product"}],"about":[{"href":"https:\/\/dronenetwork.ca\/en\/wp-json\/wp\/v2\/types\/product"}],"wp:attachment":[{"href":"https:\/\/dronenetwork.ca\/en\/wp-json\/wp\/v2\/media?parent=372"}],"wp:term":[{"taxonomy":"product_brand","embeddable":true,"href":"https:\/\/dronenetwork.ca\/en\/wp-json\/wp\/v2\/product_brand?post=372"},{"taxonomy":"product_cat","embeddable":true,"href":"https:\/\/dronenetwork.ca\/en\/wp-json\/wp\/v2\/product_cat?post=372"},{"taxonomy":"product_tag","embeddable":true,"href":"https:\/\/dronenetwork.ca\/en\/wp-json\/wp\/v2\/product_tag?post=372"}],"curies":[{"name":"wp","href":"https:\/\/api.w.org\/{rel}","templated":true}]}}