{"id":377,"date":"2026-04-02T02:27:22","date_gmt":"2026-04-02T02:27:22","guid":{"rendered":"https:\/\/dronenetwork.ca\/?post_type=product&#038;p=377"},"modified":"2026-04-16T18:28:49","modified_gmt":"2026-04-16T18:28:49","slug":"forfait-vitrine","status":"publish","type":"product","link":"https:\/\/dronenetwork.ca\/en\/product\/forfait-vitrine\/","title":{"rendered":"Showcase+ Plan\/ year"},"content":{"rendered":"<p>Present your drones and equipment in a professional way on the platform. Highlight your products to attract qualified buyers. Turn your listing into a real sales channel.<\/p>","protected":false},"excerpt":{"rendered":"<p>Present your drones and equipment in a professional way on the platform. Highlight your products to attract qualified buyers. Turn your listing into a real sales channel.<\/p>","protected":false},"featured_media":0,"template":"","meta":[],"product_brand":[],"product_cat":[15],"product_tag":[],"class_list":{"0":"post-377","1":"product","2":"type-product","3":"status-publish","5":"product_cat-uncategorized","7":"first","8":"instock","9":"virtual","10":"sold-individually","11":"taxable","12":"purchasable","13":"product-type-job_package"},"yoast_head":"<!-- This site is optimized with the Yoast SEO plugin v27.5 - https:\/\/yoast.com\/product\/yoast-seo-wordpress\/ -->\n<title>Forfait vitrine+\/ an - Drone Network<\/title>\n<meta name=\"robots\" content=\"index, follow, max-snippet:-1, max-image-preview:large, max-video-preview:-1\" \/>\n<link rel=\"canonical\" href=\"https:\/\/darksalmon-goldfinch-487491.hostingersite.com\/product\/forfait-vitrine\/\" \/>\n<meta property=\"og:locale\" content=\"en_US\" \/>\n<meta property=\"og:type\" content=\"article\" \/>\n<meta property=\"og:title\" content=\"Forfait vitrine+\/ an - Drone Network\" \/>\n<meta property=\"og:description\" content=\"Pr\u00e9sentez vos drones et \u00e9quipements de fa\u00e7on professionnelle sur la plateforme. Mettez en valeur vos produits pour attirer des acheteurs qualifi\u00e9s. Transformez votre fiche en v\u00e9ritable canal de vente.\" \/>\n<meta property=\"og:url\" content=\"https:\/\/darksalmon-goldfinch-487491.hostingersite.com\/product\/forfait-vitrine\/\" \/>\n<meta property=\"og:site_name\" content=\"Drone Network\" \/>\n<meta property=\"article:modified_time\" content=\"2026-04-16T18:28:49+00:00\" \/>\n<meta name=\"twitter:card\" content=\"summary_large_image\" \/>\n<script type=\"application\/ld+json\" class=\"yoast-schema-graph\">{\"@context\":\"https:\\\/\\\/schema.org\",\"@graph\":[{\"@type\":\"WebPage\",\"@id\":\"https:\\\/\\\/darksalmon-goldfinch-487491.hostingersite.com\\\/product\\\/forfait-vitrine\\\/\",\"url\":\"https:\\\/\\\/darksalmon-goldfinch-487491.hostingersite.com\\\/product\\\/forfait-vitrine\\\/\",\"name\":\"Forfait vitrine+\\\/ an - Drone Network\",\"isPartOf\":{\"@id\":\"https:\\\/\\\/darksalmon-goldfinch-487491.hostingersite.com\\\/#website\"},\"datePublished\":\"2026-04-02T02:27:22+00:00\",\"dateModified\":\"2026-04-16T18:28:49+00:00\",\"breadcrumb\":{\"@id\":\"https:\\\/\\\/darksalmon-goldfinch-487491.hostingersite.com\\\/product\\\/forfait-vitrine\\\/#breadcrumb\"},\"inLanguage\":\"en-CA\",\"potentialAction\":[{\"@type\":\"ReadAction\",\"target\":[\"https:\\\/\\\/darksalmon-goldfinch-487491.hostingersite.com\\\/product\\\/forfait-vitrine\\\/\"]}]},{\"@type\":\"BreadcrumbList\",\"@id\":\"https:\\\/\\\/darksalmon-goldfinch-487491.hostingersite.com\\\/product\\\/forfait-vitrine\\\/#breadcrumb\",\"itemListElement\":[{\"@type\":\"ListItem\",\"position\":1,\"name\":\"Accueil\",\"item\":\"https:\\\/\\\/darksalmon-goldfinch-487491.hostingersite.com\\\/\"},{\"@type\":\"ListItem\",\"position\":2,\"name\":\"Shop\",\"item\":\"https:\\\/\\\/darksalmon-goldfinch-487491.hostingersite.com\\\/shop-2\\\/\"},{\"@type\":\"ListItem\",\"position\":3,\"name\":\"Forfait vitrine+\\\/ an\"}]},{\"@type\":\"WebSite\",\"@id\":\"https:\\\/\\\/darksalmon-goldfinch-487491.hostingersite.com\\\/#website\",\"url\":\"https:\\\/\\\/darksalmon-goldfinch-487491.hostingersite.com\\\/\",\"name\":\"Drone Network\",\"description\":\"Le r\u00e9seau #1 des pilotes et experts drones au Canada.\",\"potentialAction\":[{\"@type\":\"SearchAction\",\"target\":{\"@type\":\"EntryPoint\",\"urlTemplate\":\"https:\\\/\\\/darksalmon-goldfinch-487491.hostingersite.com\\\/?s={search_term_string}\"},\"query-input\":{\"@type\":\"PropertyValueSpecification\",\"valueRequired\":true,\"valueName\":\"search_term_string\"}}],\"inLanguage\":\"en-CA\"}]}<\/script>\n<!-- \/ Yoast SEO plugin. -->","yoast_head_json":{"title":"Forfait vitrine+\/ an - Drone Network","robots":{"index":"index","follow":"follow","max-snippet":"max-snippet:-1","max-image-preview":"max-image-preview:large","max-video-preview":"max-video-preview:-1"},"canonical":"https:\/\/darksalmon-goldfinch-487491.hostingersite.com\/product\/forfait-vitrine\/","og_locale":"en_US","og_type":"article","og_title":"Forfait vitrine+\/ an - Drone Network","og_description":"Pr\u00e9sentez vos drones et \u00e9quipements de fa\u00e7on professionnelle sur la plateforme. Mettez en valeur vos produits pour attirer des acheteurs qualifi\u00e9s. Transformez votre fiche en v\u00e9ritable canal de vente.","og_url":"https:\/\/darksalmon-goldfinch-487491.hostingersite.com\/product\/forfait-vitrine\/","og_site_name":"Drone Network","article_modified_time":"2026-04-16T18:28:49+00:00","twitter_card":"summary_large_image","schema":{"@context":"https:\/\/schema.org","@graph":[{"@type":"WebPage","@id":"https:\/\/darksalmon-goldfinch-487491.hostingersite.com\/product\/forfait-vitrine\/","url":"https:\/\/darksalmon-goldfinch-487491.hostingersite.com\/product\/forfait-vitrine\/","name":"Forfait vitrine+\/ an - Drone Network","isPartOf":{"@id":"https:\/\/darksalmon-goldfinch-487491.hostingersite.com\/#website"},"datePublished":"2026-04-02T02:27:22+00:00","dateModified":"2026-04-16T18:28:49+00:00","breadcrumb":{"@id":"https:\/\/darksalmon-goldfinch-487491.hostingersite.com\/product\/forfait-vitrine\/#breadcrumb"},"inLanguage":"en-CA","potentialAction":[{"@type":"ReadAction","target":["https:\/\/darksalmon-goldfinch-487491.hostingersite.com\/product\/forfait-vitrine\/"]}]},{"@type":"BreadcrumbList","@id":"https:\/\/darksalmon-goldfinch-487491.hostingersite.com\/product\/forfait-vitrine\/#breadcrumb","itemListElement":[{"@type":"ListItem","position":1,"name":"Accueil","item":"https:\/\/darksalmon-goldfinch-487491.hostingersite.com\/"},{"@type":"ListItem","position":2,"name":"Shop","item":"https:\/\/darksalmon-goldfinch-487491.hostingersite.com\/shop-2\/"},{"@type":"ListItem","position":3,"name":"Forfait vitrine+\/ an"}]},{"@type":"WebSite","@id":"https:\/\/darksalmon-goldfinch-487491.hostingersite.com\/#website","url":"https:\/\/darksalmon-goldfinch-487491.hostingersite.com\/","name":"Drone Network","description":"Le r\u00e9seau #1 des pilotes et experts drones au Canada.","potentialAction":[{"@type":"SearchAction","target":{"@type":"EntryPoint","urlTemplate":"https:\/\/darksalmon-goldfinch-487491.hostingersite.com\/?s={search_term_string}"},"query-input":{"@type":"PropertyValueSpecification","valueRequired":true,"valueName":"search_term_string"}}],"inLanguage":"en-CA"}]}},"_links":{"self":[{"href":"https:\/\/dronenetwork.ca\/en\/wp-json\/wp\/v2\/product\/377","targetHints":{"allow":["GET"]}}],"collection":[{"href":"https:\/\/dronenetwork.ca\/en\/wp-json\/wp\/v2\/product"}],"about":[{"href":"https:\/\/dronenetwork.ca\/en\/wp-json\/wp\/v2\/types\/product"}],"wp:attachment":[{"href":"https:\/\/dronenetwork.ca\/en\/wp-json\/wp\/v2\/media?parent=377"}],"wp:term":[{"taxonomy":"product_brand","embeddable":true,"href":"https:\/\/dronenetwork.ca\/en\/wp-json\/wp\/v2\/product_brand?post=377"},{"taxonomy":"product_cat","embeddable":true,"href":"https:\/\/dronenetwork.ca\/en\/wp-json\/wp\/v2\/product_cat?post=377"},{"taxonomy":"product_tag","embeddable":true,"href":"https:\/\/dronenetwork.ca\/en\/wp-json\/wp\/v2\/product_tag?post=377"}],"curies":[{"name":"wp","href":"https:\/\/api.w.org\/{rel}","templated":true}]}}