{"id":378,"date":"2026-04-02T02:29:34","date_gmt":"2026-04-02T02:29:34","guid":{"rendered":"https:\/\/dronenetwork.ca\/?post_type=product&#038;p=378"},"modified":"2026-04-16T18:28:59","modified_gmt":"2026-04-16T18:28:59","slug":"forfait-ecole-certifiee","status":"publish","type":"product","link":"https:\/\/dronenetwork.ca\/en\/product\/forfait-ecole-certifiee\/","title":{"rendered":"Certified School Plan\/ year"},"content":{"rendered":"<p>Position your school as a trusted reference in drone training. Attract qualified students with a professional and credible presentation. Increase enrollments through targeted visibility.<\/p>","protected":false},"excerpt":{"rendered":"<p>Position your school as a trusted reference in drone training. Attract qualified students with a professional and credible presentation. Increase enrollments through targeted visibility.<\/p>","protected":false},"featured_media":0,"template":"","meta":[],"product_brand":[],"product_cat":[15],"product_tag":[],"class_list":{"0":"post-378","1":"product","2":"type-product","3":"status-publish","5":"product_cat-uncategorized","7":"first","8":"instock","9":"virtual","10":"sold-individually","11":"taxable","12":"purchasable","13":"product-type-job_package"},"yoast_head":"<!-- This site is optimized with the Yoast SEO plugin v27.5 - https:\/\/yoast.com\/product\/yoast-seo-wordpress\/ -->\n<title>Forfait \u00c9cole Certifi\u00e9e\/ an - Drone Network<\/title>\n<meta name=\"robots\" content=\"index, follow, max-snippet:-1, max-image-preview:large, max-video-preview:-1\" \/>\n<link rel=\"canonical\" href=\"https:\/\/darksalmon-goldfinch-487491.hostingersite.com\/product\/forfait-ecole-certifiee\/\" \/>\n<meta property=\"og:locale\" content=\"en_US\" \/>\n<meta property=\"og:type\" content=\"article\" \/>\n<meta property=\"og:title\" content=\"Forfait \u00c9cole Certifi\u00e9e\/ an - Drone Network\" \/>\n<meta property=\"og:description\" content=\"Positionnez votre \u00e9cole comme une r\u00e9f\u00e9rence en formation drone. Attirez des \u00e9l\u00e8ves qualifi\u00e9s gr\u00e2ce \u00e0 une pr\u00e9sentation professionnelle et cr\u00e9dible. D\u00e9veloppez vos inscriptions avec une visibilit\u00e9 cibl\u00e9e.\" \/>\n<meta property=\"og:url\" content=\"https:\/\/darksalmon-goldfinch-487491.hostingersite.com\/product\/forfait-ecole-certifiee\/\" \/>\n<meta property=\"og:site_name\" content=\"Drone Network\" \/>\n<meta property=\"article:modified_time\" content=\"2026-04-16T18:28:59+00:00\" \/>\n<meta name=\"twitter:card\" content=\"summary_large_image\" \/>\n<script type=\"application\/ld+json\" class=\"yoast-schema-graph\">{\"@context\":\"https:\\\/\\\/schema.org\",\"@graph\":[{\"@type\":\"WebPage\",\"@id\":\"https:\\\/\\\/darksalmon-goldfinch-487491.hostingersite.com\\\/product\\\/forfait-ecole-certifiee\\\/\",\"url\":\"https:\\\/\\\/darksalmon-goldfinch-487491.hostingersite.com\\\/product\\\/forfait-ecole-certifiee\\\/\",\"name\":\"Forfait \u00c9cole Certifi\u00e9e\\\/ an - Drone Network\",\"isPartOf\":{\"@id\":\"https:\\\/\\\/darksalmon-goldfinch-487491.hostingersite.com\\\/#website\"},\"datePublished\":\"2026-04-02T02:29:34+00:00\",\"dateModified\":\"2026-04-16T18:28:59+00:00\",\"breadcrumb\":{\"@id\":\"https:\\\/\\\/darksalmon-goldfinch-487491.hostingersite.com\\\/product\\\/forfait-ecole-certifiee\\\/#breadcrumb\"},\"inLanguage\":\"en-CA\",\"potentialAction\":[{\"@type\":\"ReadAction\",\"target\":[\"https:\\\/\\\/darksalmon-goldfinch-487491.hostingersite.com\\\/product\\\/forfait-ecole-certifiee\\\/\"]}]},{\"@type\":\"BreadcrumbList\",\"@id\":\"https:\\\/\\\/darksalmon-goldfinch-487491.hostingersite.com\\\/product\\\/forfait-ecole-certifiee\\\/#breadcrumb\",\"itemListElement\":[{\"@type\":\"ListItem\",\"position\":1,\"name\":\"Accueil\",\"item\":\"https:\\\/\\\/darksalmon-goldfinch-487491.hostingersite.com\\\/\"},{\"@type\":\"ListItem\",\"position\":2,\"name\":\"Shop\",\"item\":\"https:\\\/\\\/darksalmon-goldfinch-487491.hostingersite.com\\\/shop-2\\\/\"},{\"@type\":\"ListItem\",\"position\":3,\"name\":\"Forfait \u00c9cole Certifi\u00e9e\\\/ an\"}]},{\"@type\":\"WebSite\",\"@id\":\"https:\\\/\\\/darksalmon-goldfinch-487491.hostingersite.com\\\/#website\",\"url\":\"https:\\\/\\\/darksalmon-goldfinch-487491.hostingersite.com\\\/\",\"name\":\"Drone Network\",\"description\":\"Le r\u00e9seau #1 des pilotes et experts drones au Canada.\",\"potentialAction\":[{\"@type\":\"SearchAction\",\"target\":{\"@type\":\"EntryPoint\",\"urlTemplate\":\"https:\\\/\\\/darksalmon-goldfinch-487491.hostingersite.com\\\/?s={search_term_string}\"},\"query-input\":{\"@type\":\"PropertyValueSpecification\",\"valueRequired\":true,\"valueName\":\"search_term_string\"}}],\"inLanguage\":\"en-CA\"}]}<\/script>\n<!-- \/ Yoast SEO plugin. -->","yoast_head_json":{"title":"Forfait \u00c9cole Certifi\u00e9e\/ an - Drone Network","robots":{"index":"index","follow":"follow","max-snippet":"max-snippet:-1","max-image-preview":"max-image-preview:large","max-video-preview":"max-video-preview:-1"},"canonical":"https:\/\/darksalmon-goldfinch-487491.hostingersite.com\/product\/forfait-ecole-certifiee\/","og_locale":"en_US","og_type":"article","og_title":"Forfait \u00c9cole Certifi\u00e9e\/ an - Drone Network","og_description":"Positionnez votre \u00e9cole comme une r\u00e9f\u00e9rence en formation drone. Attirez des \u00e9l\u00e8ves qualifi\u00e9s gr\u00e2ce \u00e0 une pr\u00e9sentation professionnelle et cr\u00e9dible. D\u00e9veloppez vos inscriptions avec une visibilit\u00e9 cibl\u00e9e.","og_url":"https:\/\/darksalmon-goldfinch-487491.hostingersite.com\/product\/forfait-ecole-certifiee\/","og_site_name":"Drone Network","article_modified_time":"2026-04-16T18:28:59+00:00","twitter_card":"summary_large_image","schema":{"@context":"https:\/\/schema.org","@graph":[{"@type":"WebPage","@id":"https:\/\/darksalmon-goldfinch-487491.hostingersite.com\/product\/forfait-ecole-certifiee\/","url":"https:\/\/darksalmon-goldfinch-487491.hostingersite.com\/product\/forfait-ecole-certifiee\/","name":"Forfait \u00c9cole Certifi\u00e9e\/ an - Drone Network","isPartOf":{"@id":"https:\/\/darksalmon-goldfinch-487491.hostingersite.com\/#website"},"datePublished":"2026-04-02T02:29:34+00:00","dateModified":"2026-04-16T18:28:59+00:00","breadcrumb":{"@id":"https:\/\/darksalmon-goldfinch-487491.hostingersite.com\/product\/forfait-ecole-certifiee\/#breadcrumb"},"inLanguage":"en-CA","potentialAction":[{"@type":"ReadAction","target":["https:\/\/darksalmon-goldfinch-487491.hostingersite.com\/product\/forfait-ecole-certifiee\/"]}]},{"@type":"BreadcrumbList","@id":"https:\/\/darksalmon-goldfinch-487491.hostingersite.com\/product\/forfait-ecole-certifiee\/#breadcrumb","itemListElement":[{"@type":"ListItem","position":1,"name":"Accueil","item":"https:\/\/darksalmon-goldfinch-487491.hostingersite.com\/"},{"@type":"ListItem","position":2,"name":"Shop","item":"https:\/\/darksalmon-goldfinch-487491.hostingersite.com\/shop-2\/"},{"@type":"ListItem","position":3,"name":"Forfait \u00c9cole Certifi\u00e9e\/ an"}]},{"@type":"WebSite","@id":"https:\/\/darksalmon-goldfinch-487491.hostingersite.com\/#website","url":"https:\/\/darksalmon-goldfinch-487491.hostingersite.com\/","name":"Drone Network","description":"Le r\u00e9seau #1 des pilotes et experts drones au Canada.","potentialAction":[{"@type":"SearchAction","target":{"@type":"EntryPoint","urlTemplate":"https:\/\/darksalmon-goldfinch-487491.hostingersite.com\/?s={search_term_string}"},"query-input":{"@type":"PropertyValueSpecification","valueRequired":true,"valueName":"search_term_string"}}],"inLanguage":"en-CA"}]}},"_links":{"self":[{"href":"https:\/\/dronenetwork.ca\/en\/wp-json\/wp\/v2\/product\/378","targetHints":{"allow":["GET"]}}],"collection":[{"href":"https:\/\/dronenetwork.ca\/en\/wp-json\/wp\/v2\/product"}],"about":[{"href":"https:\/\/dronenetwork.ca\/en\/wp-json\/wp\/v2\/types\/product"}],"wp:attachment":[{"href":"https:\/\/dronenetwork.ca\/en\/wp-json\/wp\/v2\/media?parent=378"}],"wp:term":[{"taxonomy":"product_brand","embeddable":true,"href":"https:\/\/dronenetwork.ca\/en\/wp-json\/wp\/v2\/product_brand?post=378"},{"taxonomy":"product_cat","embeddable":true,"href":"https:\/\/dronenetwork.ca\/en\/wp-json\/wp\/v2\/product_cat?post=378"},{"taxonomy":"product_tag","embeddable":true,"href":"https:\/\/dronenetwork.ca\/en\/wp-json\/wp\/v2\/product_tag?post=378"}],"curies":[{"name":"wp","href":"https:\/\/api.w.org\/{rel}","templated":true}]}}