{"id":610,"date":"2026-04-06T15:52:08","date_gmt":"2026-04-06T15:52:08","guid":{"rendered":"https:\/\/darksalmon-goldfinch-487491.hostingersite.com\/?post_type=product&#038;p=610"},"modified":"2026-04-16T18:29:05","modified_gmt":"2026-04-16T18:29:05","slug":"boostez-votre-annonce","status":"publish","type":"product","link":"https:\/\/dronenetwork.ca\/en\/product\/boostez-votre-annonce\/","title":{"rendered":"Boostez votre annonce"},"content":{"rendered":"<p data-start=\"143\" data-end=\"314\">Augmentez imm\u00e9diatement la visibilit\u00e9 de votre profil et faites monter vos visites. Votre entreprise est mise en avant dans les premiers r\u00e9sultats pour maximiser l\u2019impact.<\/p>\n<p data-start=\"316\" data-end=\"428\" data-is-last-node=\"\" data-is-only-node=\"\">Attirez plus de regards, g\u00e9n\u00e9rez plus de clics et obtenez plus de clients. Mise en avant active pendant 7 jours.<\/p>","protected":false},"excerpt":{"rendered":"<p>Augmentez imm\u00e9diatement la visibilit\u00e9 de votre profil et faites monter vos visites. Votre entreprise est mise en avant dans les premiers r\u00e9sultats pour maximiser l\u2019impact. Attirez plus de regards, g\u00e9n\u00e9rez plus de clics et obtenez plus de clients. Mise en avant active pendant 7 jours.<\/p>","protected":false},"featured_media":0,"template":"","meta":[],"product_brand":[],"product_cat":[15],"product_tag":[],"class_list":{"0":"post-610","1":"product","2":"type-product","3":"status-publish","5":"product_cat-uncategorized","7":"first","8":"instock","9":"virtual","10":"taxable","11":"purchasable","12":"product-type-promotion_package"},"yoast_head":"<!-- This site is optimized with the Yoast SEO plugin v27.5 - https:\/\/yoast.com\/product\/yoast-seo-wordpress\/ -->\n<title>Boostez votre annonce - Drone Network<\/title>\n<meta name=\"robots\" content=\"index, follow, max-snippet:-1, max-image-preview:large, max-video-preview:-1\" \/>\n<link rel=\"canonical\" href=\"https:\/\/darksalmon-goldfinch-487491.hostingersite.com\/product\/boostez-votre-annonce\/\" \/>\n<meta property=\"og:locale\" content=\"en_US\" \/>\n<meta property=\"og:type\" content=\"article\" \/>\n<meta property=\"og:title\" content=\"Boostez votre annonce - Drone Network\" \/>\n<meta property=\"og:description\" content=\"Augmentez imm\u00e9diatement la visibilit\u00e9 de votre profil et faites monter vos visites. Votre entreprise est mise en avant dans les premiers r\u00e9sultats pour maximiser l\u2019impact. Attirez plus de regards, g\u00e9n\u00e9rez plus de clics et obtenez plus de clients. Mise en avant active pendant 7 jours.\" \/>\n<meta property=\"og:url\" content=\"https:\/\/darksalmon-goldfinch-487491.hostingersite.com\/product\/boostez-votre-annonce\/\" \/>\n<meta property=\"og:site_name\" content=\"Drone Network\" \/>\n<meta property=\"article:modified_time\" content=\"2026-04-16T18:29:05+00:00\" \/>\n<meta name=\"twitter:card\" content=\"summary_large_image\" \/>\n<script type=\"application\/ld+json\" class=\"yoast-schema-graph\">{\"@context\":\"https:\\\/\\\/schema.org\",\"@graph\":[{\"@type\":\"WebPage\",\"@id\":\"https:\\\/\\\/darksalmon-goldfinch-487491.hostingersite.com\\\/product\\\/boostez-votre-annonce\\\/\",\"url\":\"https:\\\/\\\/darksalmon-goldfinch-487491.hostingersite.com\\\/product\\\/boostez-votre-annonce\\\/\",\"name\":\"Boostez votre annonce - Drone Network\",\"isPartOf\":{\"@id\":\"https:\\\/\\\/darksalmon-goldfinch-487491.hostingersite.com\\\/#website\"},\"datePublished\":\"2026-04-06T15:52:08+00:00\",\"dateModified\":\"2026-04-16T18:29:05+00:00\",\"breadcrumb\":{\"@id\":\"https:\\\/\\\/darksalmon-goldfinch-487491.hostingersite.com\\\/product\\\/boostez-votre-annonce\\\/#breadcrumb\"},\"inLanguage\":\"en-CA\",\"potentialAction\":[{\"@type\":\"ReadAction\",\"target\":[\"https:\\\/\\\/darksalmon-goldfinch-487491.hostingersite.com\\\/product\\\/boostez-votre-annonce\\\/\"]}]},{\"@type\":\"BreadcrumbList\",\"@id\":\"https:\\\/\\\/darksalmon-goldfinch-487491.hostingersite.com\\\/product\\\/boostez-votre-annonce\\\/#breadcrumb\",\"itemListElement\":[{\"@type\":\"ListItem\",\"position\":1,\"name\":\"Accueil\",\"item\":\"https:\\\/\\\/darksalmon-goldfinch-487491.hostingersite.com\\\/\"},{\"@type\":\"ListItem\",\"position\":2,\"name\":\"Shop\",\"item\":\"https:\\\/\\\/darksalmon-goldfinch-487491.hostingersite.com\\\/shop-2\\\/\"},{\"@type\":\"ListItem\",\"position\":3,\"name\":\"Boostez votre annonce\"}]},{\"@type\":\"WebSite\",\"@id\":\"https:\\\/\\\/darksalmon-goldfinch-487491.hostingersite.com\\\/#website\",\"url\":\"https:\\\/\\\/darksalmon-goldfinch-487491.hostingersite.com\\\/\",\"name\":\"Drone Network\",\"description\":\"Le r\u00e9seau #1 des pilotes et experts drones au Canada.\",\"potentialAction\":[{\"@type\":\"SearchAction\",\"target\":{\"@type\":\"EntryPoint\",\"urlTemplate\":\"https:\\\/\\\/darksalmon-goldfinch-487491.hostingersite.com\\\/?s={search_term_string}\"},\"query-input\":{\"@type\":\"PropertyValueSpecification\",\"valueRequired\":true,\"valueName\":\"search_term_string\"}}],\"inLanguage\":\"en-CA\"}]}<\/script>\n<!-- \/ Yoast SEO plugin. -->","yoast_head_json":{"title":"Boostez votre annonce - Drone Network","robots":{"index":"index","follow":"follow","max-snippet":"max-snippet:-1","max-image-preview":"max-image-preview:large","max-video-preview":"max-video-preview:-1"},"canonical":"https:\/\/darksalmon-goldfinch-487491.hostingersite.com\/product\/boostez-votre-annonce\/","og_locale":"en_US","og_type":"article","og_title":"Boostez votre annonce - Drone Network","og_description":"Augmentez imm\u00e9diatement la visibilit\u00e9 de votre profil et faites monter vos visites. Votre entreprise est mise en avant dans les premiers r\u00e9sultats pour maximiser l\u2019impact. Attirez plus de regards, g\u00e9n\u00e9rez plus de clics et obtenez plus de clients. Mise en avant active pendant 7 jours.","og_url":"https:\/\/darksalmon-goldfinch-487491.hostingersite.com\/product\/boostez-votre-annonce\/","og_site_name":"Drone Network","article_modified_time":"2026-04-16T18:29:05+00:00","twitter_card":"summary_large_image","schema":{"@context":"https:\/\/schema.org","@graph":[{"@type":"WebPage","@id":"https:\/\/darksalmon-goldfinch-487491.hostingersite.com\/product\/boostez-votre-annonce\/","url":"https:\/\/darksalmon-goldfinch-487491.hostingersite.com\/product\/boostez-votre-annonce\/","name":"Boostez votre annonce - Drone Network","isPartOf":{"@id":"https:\/\/darksalmon-goldfinch-487491.hostingersite.com\/#website"},"datePublished":"2026-04-06T15:52:08+00:00","dateModified":"2026-04-16T18:29:05+00:00","breadcrumb":{"@id":"https:\/\/darksalmon-goldfinch-487491.hostingersite.com\/product\/boostez-votre-annonce\/#breadcrumb"},"inLanguage":"en-CA","potentialAction":[{"@type":"ReadAction","target":["https:\/\/darksalmon-goldfinch-487491.hostingersite.com\/product\/boostez-votre-annonce\/"]}]},{"@type":"BreadcrumbList","@id":"https:\/\/darksalmon-goldfinch-487491.hostingersite.com\/product\/boostez-votre-annonce\/#breadcrumb","itemListElement":[{"@type":"ListItem","position":1,"name":"Accueil","item":"https:\/\/darksalmon-goldfinch-487491.hostingersite.com\/"},{"@type":"ListItem","position":2,"name":"Shop","item":"https:\/\/darksalmon-goldfinch-487491.hostingersite.com\/shop-2\/"},{"@type":"ListItem","position":3,"name":"Boostez votre annonce"}]},{"@type":"WebSite","@id":"https:\/\/darksalmon-goldfinch-487491.hostingersite.com\/#website","url":"https:\/\/darksalmon-goldfinch-487491.hostingersite.com\/","name":"Drone Network","description":"Le r\u00e9seau #1 des pilotes et experts drones au Canada.","potentialAction":[{"@type":"SearchAction","target":{"@type":"EntryPoint","urlTemplate":"https:\/\/darksalmon-goldfinch-487491.hostingersite.com\/?s={search_term_string}"},"query-input":{"@type":"PropertyValueSpecification","valueRequired":true,"valueName":"search_term_string"}}],"inLanguage":"en-CA"}]}},"_links":{"self":[{"href":"https:\/\/dronenetwork.ca\/en\/wp-json\/wp\/v2\/product\/610","targetHints":{"allow":["GET"]}}],"collection":[{"href":"https:\/\/dronenetwork.ca\/en\/wp-json\/wp\/v2\/product"}],"about":[{"href":"https:\/\/dronenetwork.ca\/en\/wp-json\/wp\/v2\/types\/product"}],"wp:attachment":[{"href":"https:\/\/dronenetwork.ca\/en\/wp-json\/wp\/v2\/media?parent=610"}],"wp:term":[{"taxonomy":"product_brand","embeddable":true,"href":"https:\/\/dronenetwork.ca\/en\/wp-json\/wp\/v2\/product_brand?post=610"},{"taxonomy":"product_cat","embeddable":true,"href":"https:\/\/dronenetwork.ca\/en\/wp-json\/wp\/v2\/product_cat?post=610"},{"taxonomy":"product_tag","embeddable":true,"href":"https:\/\/dronenetwork.ca\/en\/wp-json\/wp\/v2\/product_tag?post=610"}],"curies":[{"name":"wp","href":"https:\/\/api.w.org\/{rel}","templated":true}]}}