{"id":678,"date":"2026-04-07T01:25:17","date_gmt":"2026-04-07T01:25:17","guid":{"rendered":"https:\/\/darksalmon-goldfinch-487491.hostingersite.com\/?post_type=product&#038;p=678"},"modified":"2026-04-16T18:29:12","modified_gmt":"2026-04-16T18:29:12","slug":"forfait-assurance","status":"publish","type":"product","link":"https:\/\/dronenetwork.ca\/en\/product\/forfait-assurance\/","title":{"rendered":"Insurance+ Plan\/ year"},"content":{"rendered":"<p data-path-to-node=\"4\">Become a key safety partner in the Canadian drone ecosystem. Highlight your specialized insurance solutions for pilots and SATP operators. Build a strong presence at the core of the industry.<\/p>","protected":false},"excerpt":{"rendered":"<p>Become a key safety partner in the Canadian drone ecosystem. Highlight your specialized insurance solutions for pilots and SATP operators. Build a strong presence at the core of the industry.<\/p>","protected":false},"featured_media":0,"template":"","meta":[],"product_brand":[],"product_cat":[15],"product_tag":[],"class_list":{"0":"post-678","1":"product","2":"type-product","3":"status-publish","5":"product_cat-uncategorized","7":"first","8":"instock","9":"virtual","10":"sold-individually","11":"taxable","12":"purchasable","13":"product-type-job_package"},"yoast_head":"<!-- This site is optimized with the Yoast SEO plugin v27.5 - https:\/\/yoast.com\/product\/yoast-seo-wordpress\/ -->\n<title>Forfait Assurance+\/ an - Drone Network<\/title>\n<meta name=\"robots\" content=\"index, follow, max-snippet:-1, max-image-preview:large, max-video-preview:-1\" \/>\n<link rel=\"canonical\" href=\"https:\/\/darksalmon-goldfinch-487491.hostingersite.com\/product\/forfait-assurance\/\" \/>\n<meta property=\"og:locale\" content=\"en_US\" \/>\n<meta property=\"og:type\" content=\"article\" \/>\n<meta property=\"og:title\" content=\"Forfait Assurance+\/ an - Drone Network\" \/>\n<meta property=\"og:description\" content=\"Devenez un acteur essentiel de la s\u00e9curit\u00e9 dans l\u2019\u00e9cosyst\u00e8me drone au Canada. Mettez en avant vos solutions d\u2019assurance aupr\u00e8s des pilotes et op\u00e9rateurs SATP. Construisez une pr\u00e9sence forte au c\u0153ur de l\u2019industrie.\" \/>\n<meta property=\"og:url\" content=\"https:\/\/darksalmon-goldfinch-487491.hostingersite.com\/product\/forfait-assurance\/\" \/>\n<meta property=\"og:site_name\" content=\"Drone Network\" \/>\n<meta property=\"article:modified_time\" content=\"2026-04-16T18:29:12+00:00\" \/>\n<meta name=\"twitter:card\" content=\"summary_large_image\" \/>\n<script type=\"application\/ld+json\" class=\"yoast-schema-graph\">{\"@context\":\"https:\\\/\\\/schema.org\",\"@graph\":[{\"@type\":\"WebPage\",\"@id\":\"https:\\\/\\\/darksalmon-goldfinch-487491.hostingersite.com\\\/product\\\/forfait-assurance\\\/\",\"url\":\"https:\\\/\\\/darksalmon-goldfinch-487491.hostingersite.com\\\/product\\\/forfait-assurance\\\/\",\"name\":\"Forfait Assurance+\\\/ an - Drone Network\",\"isPartOf\":{\"@id\":\"https:\\\/\\\/darksalmon-goldfinch-487491.hostingersite.com\\\/#website\"},\"datePublished\":\"2026-04-07T01:25:17+00:00\",\"dateModified\":\"2026-04-16T18:29:12+00:00\",\"breadcrumb\":{\"@id\":\"https:\\\/\\\/darksalmon-goldfinch-487491.hostingersite.com\\\/product\\\/forfait-assurance\\\/#breadcrumb\"},\"inLanguage\":\"en-CA\",\"potentialAction\":[{\"@type\":\"ReadAction\",\"target\":[\"https:\\\/\\\/darksalmon-goldfinch-487491.hostingersite.com\\\/product\\\/forfait-assurance\\\/\"]}]},{\"@type\":\"BreadcrumbList\",\"@id\":\"https:\\\/\\\/darksalmon-goldfinch-487491.hostingersite.com\\\/product\\\/forfait-assurance\\\/#breadcrumb\",\"itemListElement\":[{\"@type\":\"ListItem\",\"position\":1,\"name\":\"Accueil\",\"item\":\"https:\\\/\\\/darksalmon-goldfinch-487491.hostingersite.com\\\/\"},{\"@type\":\"ListItem\",\"position\":2,\"name\":\"Shop\",\"item\":\"https:\\\/\\\/dronenetwork.ca\\\/shop-2\\\/\"},{\"@type\":\"ListItem\",\"position\":3,\"name\":\"Forfait Assurance+\\\/ an\"}]},{\"@type\":\"WebSite\",\"@id\":\"https:\\\/\\\/darksalmon-goldfinch-487491.hostingersite.com\\\/#website\",\"url\":\"https:\\\/\\\/darksalmon-goldfinch-487491.hostingersite.com\\\/\",\"name\":\"Drone Network\",\"description\":\"Le r\u00e9seau #1 des pilotes et experts drones au Canada.\",\"potentialAction\":[{\"@type\":\"SearchAction\",\"target\":{\"@type\":\"EntryPoint\",\"urlTemplate\":\"https:\\\/\\\/darksalmon-goldfinch-487491.hostingersite.com\\\/?s={search_term_string}\"},\"query-input\":{\"@type\":\"PropertyValueSpecification\",\"valueRequired\":true,\"valueName\":\"search_term_string\"}}],\"inLanguage\":\"en-CA\"}]}<\/script>\n<!-- \/ Yoast SEO plugin. -->","yoast_head_json":{"title":"Forfait Assurance+\/ an - Drone Network","robots":{"index":"index","follow":"follow","max-snippet":"max-snippet:-1","max-image-preview":"max-image-preview:large","max-video-preview":"max-video-preview:-1"},"canonical":"https:\/\/darksalmon-goldfinch-487491.hostingersite.com\/product\/forfait-assurance\/","og_locale":"en_US","og_type":"article","og_title":"Forfait Assurance+\/ an - Drone Network","og_description":"Devenez un acteur essentiel de la s\u00e9curit\u00e9 dans l\u2019\u00e9cosyst\u00e8me drone au Canada. Mettez en avant vos solutions d\u2019assurance aupr\u00e8s des pilotes et op\u00e9rateurs SATP. Construisez une pr\u00e9sence forte au c\u0153ur de l\u2019industrie.","og_url":"https:\/\/darksalmon-goldfinch-487491.hostingersite.com\/product\/forfait-assurance\/","og_site_name":"Drone Network","article_modified_time":"2026-04-16T18:29:12+00:00","twitter_card":"summary_large_image","schema":{"@context":"https:\/\/schema.org","@graph":[{"@type":"WebPage","@id":"https:\/\/darksalmon-goldfinch-487491.hostingersite.com\/product\/forfait-assurance\/","url":"https:\/\/darksalmon-goldfinch-487491.hostingersite.com\/product\/forfait-assurance\/","name":"Forfait Assurance+\/ an - Drone Network","isPartOf":{"@id":"https:\/\/darksalmon-goldfinch-487491.hostingersite.com\/#website"},"datePublished":"2026-04-07T01:25:17+00:00","dateModified":"2026-04-16T18:29:12+00:00","breadcrumb":{"@id":"https:\/\/darksalmon-goldfinch-487491.hostingersite.com\/product\/forfait-assurance\/#breadcrumb"},"inLanguage":"en-CA","potentialAction":[{"@type":"ReadAction","target":["https:\/\/darksalmon-goldfinch-487491.hostingersite.com\/product\/forfait-assurance\/"]}]},{"@type":"BreadcrumbList","@id":"https:\/\/darksalmon-goldfinch-487491.hostingersite.com\/product\/forfait-assurance\/#breadcrumb","itemListElement":[{"@type":"ListItem","position":1,"name":"Accueil","item":"https:\/\/darksalmon-goldfinch-487491.hostingersite.com\/"},{"@type":"ListItem","position":2,"name":"Shop","item":"https:\/\/dronenetwork.ca\/shop-2\/"},{"@type":"ListItem","position":3,"name":"Forfait Assurance+\/ an"}]},{"@type":"WebSite","@id":"https:\/\/darksalmon-goldfinch-487491.hostingersite.com\/#website","url":"https:\/\/darksalmon-goldfinch-487491.hostingersite.com\/","name":"Drone Network","description":"Le r\u00e9seau #1 des pilotes et experts drones au Canada.","potentialAction":[{"@type":"SearchAction","target":{"@type":"EntryPoint","urlTemplate":"https:\/\/darksalmon-goldfinch-487491.hostingersite.com\/?s={search_term_string}"},"query-input":{"@type":"PropertyValueSpecification","valueRequired":true,"valueName":"search_term_string"}}],"inLanguage":"en-CA"}]}},"_links":{"self":[{"href":"https:\/\/dronenetwork.ca\/en\/wp-json\/wp\/v2\/product\/678","targetHints":{"allow":["GET"]}}],"collection":[{"href":"https:\/\/dronenetwork.ca\/en\/wp-json\/wp\/v2\/product"}],"about":[{"href":"https:\/\/dronenetwork.ca\/en\/wp-json\/wp\/v2\/types\/product"}],"wp:attachment":[{"href":"https:\/\/dronenetwork.ca\/en\/wp-json\/wp\/v2\/media?parent=678"}],"wp:term":[{"taxonomy":"product_brand","embeddable":true,"href":"https:\/\/dronenetwork.ca\/en\/wp-json\/wp\/v2\/product_brand?post=678"},{"taxonomy":"product_cat","embeddable":true,"href":"https:\/\/dronenetwork.ca\/en\/wp-json\/wp\/v2\/product_cat?post=678"},{"taxonomy":"product_tag","embeddable":true,"href":"https:\/\/dronenetwork.ca\/en\/wp-json\/wp\/v2\/product_tag?post=678"}],"curies":[{"name":"wp","href":"https:\/\/api.w.org\/{rel}","templated":true}]}}